{"id":2674,"date":"2022-01-30T13:01:07","date_gmt":"2022-01-30T13:01:07","guid":{"rendered":"https:\/\/kormorankikoto.hu\/booking-and-cancellation-conditions\/"},"modified":"2025-04-13T13:37:45","modified_gmt":"2025-04-13T13:37:45","slug":"booking-and-cancellation-conditions","status":"publish","type":"page","link":"https:\/\/kormorankikoto.hu\/en\/booking-and-cancellation-conditions\/","title":{"rendered":"Booking and cancellation conditions"},"content":{"rendered":"\t\t<div data-elementor-type=\"wp-page\" data-elementor-id=\"2674\" class=\"elementor elementor-2674 elementor-1734\">\n\t\t\t\t\t\t<section class=\"elementor-section elementor-top-section elementor-element elementor-element-7ada65ef elementor-section-full_width elementor-section-height-min-height elementor-section-height-default elementor-section-items-middle\" data-id=\"7ada65ef\" data-element_type=\"section\" data-e-type=\"section\" data-settings=\"{&quot;jet_parallax_layout_list&quot;:[{&quot;jet_parallax_layout_image&quot;:{&quot;url&quot;:&quot;&quot;,&quot;id&quot;:&quot;&quot;,&quot;size&quot;:&quot;&quot;},&quot;_id&quot;:&quot;fb76256&quot;,&quot;jet_parallax_layout_image_tablet&quot;:{&quot;url&quot;:&quot;&quot;,&quot;id&quot;:&quot;&quot;,&quot;size&quot;:&quot;&quot;},&quot;jet_parallax_layout_image_mobile&quot;:{&quot;url&quot;:&quot;&quot;,&quot;id&quot;:&quot;&quot;,&quot;size&quot;:&quot;&quot;},&quot;jet_parallax_layout_speed&quot;:{&quot;unit&quot;:&quot;%&quot;,&quot;size&quot;:50,&quot;sizes&quot;:[]},&quot;jet_parallax_layout_type&quot;:&quot;scroll&quot;,&quot;jet_parallax_layout_direction&quot;:&quot;1&quot;,&quot;jet_parallax_layout_fx_direction&quot;:null,&quot;jet_parallax_layout_z_index&quot;:&quot;&quot;,&quot;jet_parallax_layout_bg_x&quot;:50,&quot;jet_parallax_layout_bg_x_tablet&quot;:&quot;&quot;,&quot;jet_parallax_layout_bg_x_mobile&quot;:&quot;&quot;,&quot;jet_parallax_layout_bg_y&quot;:50,&quot;jet_parallax_layout_bg_y_tablet&quot;:&quot;&quot;,&quot;jet_parallax_layout_bg_y_mobile&quot;:&quot;&quot;,&quot;jet_parallax_layout_bg_size&quot;:&quot;auto&quot;,&quot;jet_parallax_layout_bg_size_tablet&quot;:&quot;&quot;,&quot;jet_parallax_layout_bg_size_mobile&quot;:&quot;&quot;,&quot;jet_parallax_layout_animation_prop&quot;:&quot;transform&quot;,&quot;jet_parallax_layout_on&quot;:[&quot;desktop&quot;,&quot;tablet&quot;]}],&quot;background_background&quot;:&quot;classic&quot;}\">\n\t\t\t\t\t\t<div class=\"elementor-container elementor-column-gap-default\">\n\t\t\t\t\t<div class=\"elementor-column elementor-col-100 elementor-top-column elementor-element elementor-element-3c16df81\" data-id=\"3c16df81\" data-element_type=\"column\" data-e-type=\"column\">\n\t\t\t<div class=\"elementor-widget-wrap elementor-element-populated\">\n\t\t\t\t\t\t<div class=\"elementor-element elementor-element-52874755 elementor-widget elementor-widget-heading\" data-id=\"52874755\" data-element_type=\"widget\" data-e-type=\"widget\" data-widget_type=\"heading.default\">\n\t\t\t\t\t<h1 class=\"elementor-heading-title elementor-size-default\">Booking and cancellation conditions<\/h1>\t\t\t\t<\/div>\n\t\t\t\t\t<\/div>\n\t\t<\/div>\n\t\t\t\t\t<\/div>\n\t\t<\/section>\n\t\t\t\t<section class=\"elementor-section elementor-top-section elementor-element elementor-element-3ae114ac elementor-section-boxed elementor-section-height-default elementor-section-height-default\" data-id=\"3ae114ac\" data-element_type=\"section\" data-e-type=\"section\" data-settings=\"{&quot;jet_parallax_layout_list&quot;:[{&quot;jet_parallax_layout_image&quot;:{&quot;url&quot;:&quot;&quot;,&quot;id&quot;:&quot;&quot;,&quot;size&quot;:&quot;&quot;},&quot;_id&quot;:&quot;779b5c0&quot;,&quot;jet_parallax_layout_image_tablet&quot;:{&quot;url&quot;:&quot;&quot;,&quot;id&quot;:&quot;&quot;,&quot;size&quot;:&quot;&quot;},&quot;jet_parallax_layout_image_mobile&quot;:{&quot;url&quot;:&quot;&quot;,&quot;id&quot;:&quot;&quot;,&quot;size&quot;:&quot;&quot;},&quot;jet_parallax_layout_speed&quot;:{&quot;unit&quot;:&quot;%&quot;,&quot;size&quot;:50,&quot;sizes&quot;:[]},&quot;jet_parallax_layout_type&quot;:&quot;scroll&quot;,&quot;jet_parallax_layout_direction&quot;:&quot;1&quot;,&quot;jet_parallax_layout_fx_direction&quot;:null,&quot;jet_parallax_layout_z_index&quot;:&quot;&quot;,&quot;jet_parallax_layout_bg_x&quot;:50,&quot;jet_parallax_layout_bg_x_tablet&quot;:&quot;&quot;,&quot;jet_parallax_layout_bg_x_mobile&quot;:&quot;&quot;,&quot;jet_parallax_layout_bg_y&quot;:50,&quot;jet_parallax_layout_bg_y_tablet&quot;:&quot;&quot;,&quot;jet_parallax_layout_bg_y_mobile&quot;:&quot;&quot;,&quot;jet_parallax_layout_bg_size&quot;:&quot;auto&quot;,&quot;jet_parallax_layout_bg_size_tablet&quot;:&quot;&quot;,&quot;jet_parallax_layout_bg_size_mobile&quot;:&quot;&quot;,&quot;jet_parallax_layout_animation_prop&quot;:&quot;transform&quot;,&quot;jet_parallax_layout_on&quot;:[&quot;desktop&quot;,&quot;tablet&quot;]}]}\">\n\t\t\t\t\t\t<div class=\"elementor-container elementor-column-gap-default\">\n\t\t\t\t\t<div class=\"elementor-column elementor-col-100 elementor-top-column elementor-element elementor-element-3bd3f293\" data-id=\"3bd3f293\" data-element_type=\"column\" data-e-type=\"column\">\n\t\t\t<div class=\"elementor-widget-wrap elementor-element-populated\">\n\t\t\t\t\t\t<div class=\"elementor-element elementor-element-589499c8 elementor-widget elementor-widget-text-editor\" data-id=\"589499c8\" data-element_type=\"widget\" data-e-type=\"widget\" data-widget_type=\"text-editor.default\">\n\t\t\t\t\t\t\t\t\tArrival: between 14.00 &#8211; 18.00<br><br>Departure: between 08.00 &#8211; 10.00<br><br>Cancellation:<br><br>Reservations can be cancelled free of charge 14 days before the arrival date. In this case, the deposit will be refunded or can be used at another time.<br>If the cancellation is made within the 14 days mentioned above, we will be able to refund the amount paid if the date you booked is sold.<br><br>In case of cancellation on the day of arrival, the full amount paid will be charged as a penalty.<br><br>Accepted means of payment:<br><br>Bank card, Cash, SZ\u00c9P card accepted by OTP, MBH, K&amp;H.<br><br>Accepted card types:<br><br>&nbsp;<br><br>Tourist tax: not included in the price, 500 HUF\/person\/night (payable by persons over 18 years)<br><br>Pets: Pets are allowed in all accommodation, please let us know in advance. All pets are welcome, but please let us know in advance.\t\t\t\t\t\t\t\t<\/div>\n\t\t\t\t\t<\/div>\n\t\t<\/div>\n\t\t\t\t\t<\/div>\n\t\t<\/section>\n\t\t\t\t<\/div>\n\t\t","protected":false},"excerpt":{"rendered":"<p>Booking and cancellation conditions Arrival: between 14.00 &#8211; 18.00 Departure: between 08.00 &#8211; 10.00 Cancellation: Reservations can be cancelled free of charge 14 days before the arrival date. In this case, the deposit will be refunded or can be used at another time.If the cancellation is made within the 14 days mentioned above, we will [&hellip;]<\/p>\n","protected":false},"author":1,"featured_media":0,"parent":0,"menu_order":0,"comment_status":"closed","ping_status":"closed","template":"full-width.php","meta":{"_acf_changed":false,"inline_featured_image":false,"footnotes":""},"class_list":["post-2674","page","type-page","status-publish","hentry"],"acf":[],"yoast_head":"<!-- This site is optimized with the Yoast SEO plugin v26.9 - https:\/\/yoast.com\/product\/yoast-seo-wordpress\/ -->\n<title>Booking and cancellation conditions - Kormor\u00e1n Kik\u00f6t\u0151<\/title>\n<meta name=\"robots\" content=\"index, follow, max-snippet:-1, max-image-preview:large, max-video-preview:-1\" \/>\n<link rel=\"canonical\" href=\"https:\/\/kormorankikoto.hu\/foglalasi-es-lemondasi-feltetelek\/\" \/>\n<meta property=\"og:locale\" content=\"en_US\" \/>\n<meta property=\"og:type\" content=\"article\" \/>\n<meta property=\"og:title\" content=\"Booking and cancellation conditions - Kormor\u00e1n Kik\u00f6t\u0151\" \/>\n<meta property=\"og:description\" content=\"Booking and cancellation conditions Arrival: between 14.00 &#8211; 18.00 Departure: between 08.00 &#8211; 10.00 Cancellation: Reservations can be cancelled free of charge 14 days before the arrival date. In this case, the deposit will be refunded or can be used at another time.If the cancellation is made within the 14 days mentioned above, we will [&hellip;]\" \/>\n<meta property=\"og:url\" content=\"https:\/\/kormorankikoto.hu\/foglalasi-es-lemondasi-feltetelek\/\" \/>\n<meta property=\"og:site_name\" content=\"Kormor\u00e1n Kik\u00f6t\u0151\" \/>\n<meta property=\"article:publisher\" content=\"https:\/\/www.facebook.com\/kormorankikoto\/\" \/>\n<meta property=\"article:modified_time\" content=\"2025-04-13T13:37:45+00:00\" \/>\n<meta name=\"twitter:card\" content=\"summary_large_image\" \/>\n<meta name=\"twitter:label1\" content=\"Est. reading time\" \/>\n\t<meta name=\"twitter:data1\" content=\"1 minute\" \/>\n<script type=\"application\/ld+json\" class=\"yoast-schema-graph\">{\"@context\":\"https:\/\/schema.org\",\"@graph\":[{\"@type\":\"WebPage\",\"@id\":\"https:\/\/kormorankikoto.hu\/foglalasi-es-lemondasi-feltetelek\/\",\"url\":\"https:\/\/kormorankikoto.hu\/foglalasi-es-lemondasi-feltetelek\/\",\"name\":\"Booking and cancellation conditions - Kormor\u00e1n Kik\u00f6t\u0151\",\"isPartOf\":{\"@id\":\"https:\/\/kormorankikoto.hu\/#website\"},\"datePublished\":\"2022-01-30T13:01:07+00:00\",\"dateModified\":\"2025-04-13T13:37:45+00:00\",\"breadcrumb\":{\"@id\":\"https:\/\/kormorankikoto.hu\/foglalasi-es-lemondasi-feltetelek\/#breadcrumb\"},\"inLanguage\":\"en-US\",\"potentialAction\":[{\"@type\":\"ReadAction\",\"target\":[\"https:\/\/kormorankikoto.hu\/foglalasi-es-lemondasi-feltetelek\/\"]}]},{\"@type\":\"BreadcrumbList\",\"@id\":\"https:\/\/kormorankikoto.hu\/foglalasi-es-lemondasi-feltetelek\/#breadcrumb\",\"itemListElement\":[{\"@type\":\"ListItem\",\"position\":1,\"name\":\"Kezd\u0151lap\",\"item\":\"https:\/\/kormorankikoto.hu\/\"},{\"@type\":\"ListItem\",\"position\":2,\"name\":\"Booking and cancellation conditions\"}]},{\"@type\":\"WebSite\",\"@id\":\"https:\/\/kormorankikoto.hu\/#website\",\"url\":\"https:\/\/kormorankikoto.hu\/\",\"name\":\"Kormor\u00e1n Kik\u00f6t\u0151\",\"description\":\"Sz\u00e1ll\u00e1s \u00e9s kik\u00f6t\u0151i szolg\u00e1ltat\u00e1sok a Tisza-tavon\",\"publisher\":{\"@id\":\"https:\/\/kormorankikoto.hu\/#organization\"},\"potentialAction\":[{\"@type\":\"SearchAction\",\"target\":{\"@type\":\"EntryPoint\",\"urlTemplate\":\"https:\/\/kormorankikoto.hu\/?s={search_term_string}\"},\"query-input\":{\"@type\":\"PropertyValueSpecification\",\"valueRequired\":true,\"valueName\":\"search_term_string\"}}],\"inLanguage\":\"en-US\"},{\"@type\":\"Organization\",\"@id\":\"https:\/\/kormorankikoto.hu\/#organization\",\"name\":\"Kormor\u00e1n Kik\u00f6t\u0151\",\"url\":\"https:\/\/kormorankikoto.hu\/\",\"logo\":{\"@type\":\"ImageObject\",\"inLanguage\":\"en-US\",\"@id\":\"https:\/\/kormorankikoto.hu\/#\/schema\/logo\/image\/\",\"url\":\"https:\/\/kormorankikoto.hu\/wp-content\/uploads\/2019\/07\/kormoran_logo_colored.png\",\"contentUrl\":\"https:\/\/kormorankikoto.hu\/wp-content\/uploads\/2019\/07\/kormoran_logo_colored.png\",\"width\":1400,\"height\":450,\"caption\":\"Kormor\u00e1n Kik\u00f6t\u0151\"},\"image\":{\"@id\":\"https:\/\/kormorankikoto.hu\/#\/schema\/logo\/image\/\"},\"sameAs\":[\"https:\/\/www.facebook.com\/kormorankikoto\/\",\"https:\/\/www.instagram.com\/kormorankikoto\/\"]}]}<\/script>\n<!-- \/ Yoast SEO plugin. -->","yoast_head_json":{"title":"Booking and cancellation conditions - Kormor\u00e1n Kik\u00f6t\u0151","robots":{"index":"index","follow":"follow","max-snippet":"max-snippet:-1","max-image-preview":"max-image-preview:large","max-video-preview":"max-video-preview:-1"},"canonical":"https:\/\/kormorankikoto.hu\/foglalasi-es-lemondasi-feltetelek\/","og_locale":"en_US","og_type":"article","og_title":"Booking and cancellation conditions - Kormor\u00e1n Kik\u00f6t\u0151","og_description":"Booking and cancellation conditions Arrival: between 14.00 &#8211; 18.00 Departure: between 08.00 &#8211; 10.00 Cancellation: Reservations can be cancelled free of charge 14 days before the arrival date. In this case, the deposit will be refunded or can be used at another time.If the cancellation is made within the 14 days mentioned above, we will [&hellip;]","og_url":"https:\/\/kormorankikoto.hu\/foglalasi-es-lemondasi-feltetelek\/","og_site_name":"Kormor\u00e1n Kik\u00f6t\u0151","article_publisher":"https:\/\/www.facebook.com\/kormorankikoto\/","article_modified_time":"2025-04-13T13:37:45+00:00","twitter_card":"summary_large_image","twitter_misc":{"Est. reading time":"1 minute"},"schema":{"@context":"https:\/\/schema.org","@graph":[{"@type":"WebPage","@id":"https:\/\/kormorankikoto.hu\/foglalasi-es-lemondasi-feltetelek\/","url":"https:\/\/kormorankikoto.hu\/foglalasi-es-lemondasi-feltetelek\/","name":"Booking and cancellation conditions - Kormor\u00e1n Kik\u00f6t\u0151","isPartOf":{"@id":"https:\/\/kormorankikoto.hu\/#website"},"datePublished":"2022-01-30T13:01:07+00:00","dateModified":"2025-04-13T13:37:45+00:00","breadcrumb":{"@id":"https:\/\/kormorankikoto.hu\/foglalasi-es-lemondasi-feltetelek\/#breadcrumb"},"inLanguage":"en-US","potentialAction":[{"@type":"ReadAction","target":["https:\/\/kormorankikoto.hu\/foglalasi-es-lemondasi-feltetelek\/"]}]},{"@type":"BreadcrumbList","@id":"https:\/\/kormorankikoto.hu\/foglalasi-es-lemondasi-feltetelek\/#breadcrumb","itemListElement":[{"@type":"ListItem","position":1,"name":"Kezd\u0151lap","item":"https:\/\/kormorankikoto.hu\/"},{"@type":"ListItem","position":2,"name":"Booking and cancellation conditions"}]},{"@type":"WebSite","@id":"https:\/\/kormorankikoto.hu\/#website","url":"https:\/\/kormorankikoto.hu\/","name":"Kormor\u00e1n Kik\u00f6t\u0151","description":"Sz\u00e1ll\u00e1s \u00e9s kik\u00f6t\u0151i szolg\u00e1ltat\u00e1sok a Tisza-tavon","publisher":{"@id":"https:\/\/kormorankikoto.hu\/#organization"},"potentialAction":[{"@type":"SearchAction","target":{"@type":"EntryPoint","urlTemplate":"https:\/\/kormorankikoto.hu\/?s={search_term_string}"},"query-input":{"@type":"PropertyValueSpecification","valueRequired":true,"valueName":"search_term_string"}}],"inLanguage":"en-US"},{"@type":"Organization","@id":"https:\/\/kormorankikoto.hu\/#organization","name":"Kormor\u00e1n Kik\u00f6t\u0151","url":"https:\/\/kormorankikoto.hu\/","logo":{"@type":"ImageObject","inLanguage":"en-US","@id":"https:\/\/kormorankikoto.hu\/#\/schema\/logo\/image\/","url":"https:\/\/kormorankikoto.hu\/wp-content\/uploads\/2019\/07\/kormoran_logo_colored.png","contentUrl":"https:\/\/kormorankikoto.hu\/wp-content\/uploads\/2019\/07\/kormoran_logo_colored.png","width":1400,"height":450,"caption":"Kormor\u00e1n Kik\u00f6t\u0151"},"image":{"@id":"https:\/\/kormorankikoto.hu\/#\/schema\/logo\/image\/"},"sameAs":["https:\/\/www.facebook.com\/kormorankikoto\/","https:\/\/www.instagram.com\/kormorankikoto\/"]}]}},"_links":{"self":[{"href":"https:\/\/kormorankikoto.hu\/en\/wp-json\/wp\/v2\/pages\/2674","targetHints":{"allow":["GET"]}}],"collection":[{"href":"https:\/\/kormorankikoto.hu\/en\/wp-json\/wp\/v2\/pages"}],"about":[{"href":"https:\/\/kormorankikoto.hu\/en\/wp-json\/wp\/v2\/types\/page"}],"author":[{"embeddable":true,"href":"https:\/\/kormorankikoto.hu\/en\/wp-json\/wp\/v2\/users\/1"}],"replies":[{"embeddable":true,"href":"https:\/\/kormorankikoto.hu\/en\/wp-json\/wp\/v2\/comments?post=2674"}],"version-history":[{"count":2,"href":"https:\/\/kormorankikoto.hu\/en\/wp-json\/wp\/v2\/pages\/2674\/revisions"}],"predecessor-version":[{"id":5711,"href":"https:\/\/kormorankikoto.hu\/en\/wp-json\/wp\/v2\/pages\/2674\/revisions\/5711"}],"wp:attachment":[{"href":"https:\/\/kormorankikoto.hu\/en\/wp-json\/wp\/v2\/media?parent=2674"}],"curies":[{"name":"wp","href":"https:\/\/api.w.org\/{rel}","templated":true}]}}