{"id":2600,"date":"2022-01-25T21:54:14","date_gmt":"2022-01-25T21:54:14","guid":{"rendered":"https:\/\/kormorankikoto.hu\/legal-notice\/"},"modified":"2025-04-13T13:41:56","modified_gmt":"2025-04-13T13:41:56","slug":"legal-notice","status":"publish","type":"page","link":"https:\/\/kormorankikoto.hu\/en\/legal-notice\/","title":{"rendered":"Legal notice"},"content":{"rendered":"\t\t<div data-elementor-type=\"wp-page\" data-elementor-id=\"2600\" class=\"elementor elementor-2600 elementor-1723\">\n\t\t\t\t\t\t<section class=\"elementor-section elementor-top-section elementor-element elementor-element-763e9d96 elementor-section-full_width elementor-section-height-min-height elementor-section-height-default elementor-section-items-middle\" data-id=\"763e9d96\" data-element_type=\"section\" data-e-type=\"section\" data-settings=\"{&quot;jet_parallax_layout_list&quot;:[{&quot;jet_parallax_layout_image&quot;:{&quot;url&quot;:&quot;&quot;,&quot;id&quot;:&quot;&quot;,&quot;size&quot;:&quot;&quot;},&quot;_id&quot;:&quot;fb76256&quot;,&quot;jet_parallax_layout_image_tablet&quot;:{&quot;url&quot;:&quot;&quot;,&quot;id&quot;:&quot;&quot;,&quot;size&quot;:&quot;&quot;},&quot;jet_parallax_layout_image_mobile&quot;:{&quot;url&quot;:&quot;&quot;,&quot;id&quot;:&quot;&quot;,&quot;size&quot;:&quot;&quot;},&quot;jet_parallax_layout_speed&quot;:{&quot;unit&quot;:&quot;%&quot;,&quot;size&quot;:50,&quot;sizes&quot;:[]},&quot;jet_parallax_layout_type&quot;:&quot;scroll&quot;,&quot;jet_parallax_layout_direction&quot;:&quot;1&quot;,&quot;jet_parallax_layout_fx_direction&quot;:null,&quot;jet_parallax_layout_z_index&quot;:&quot;&quot;,&quot;jet_parallax_layout_bg_x&quot;:50,&quot;jet_parallax_layout_bg_x_tablet&quot;:&quot;&quot;,&quot;jet_parallax_layout_bg_x_mobile&quot;:&quot;&quot;,&quot;jet_parallax_layout_bg_y&quot;:50,&quot;jet_parallax_layout_bg_y_tablet&quot;:&quot;&quot;,&quot;jet_parallax_layout_bg_y_mobile&quot;:&quot;&quot;,&quot;jet_parallax_layout_bg_size&quot;:&quot;auto&quot;,&quot;jet_parallax_layout_bg_size_tablet&quot;:&quot;&quot;,&quot;jet_parallax_layout_bg_size_mobile&quot;:&quot;&quot;,&quot;jet_parallax_layout_animation_prop&quot;:&quot;transform&quot;,&quot;jet_parallax_layout_on&quot;:[&quot;desktop&quot;,&quot;tablet&quot;]}],&quot;background_background&quot;:&quot;classic&quot;}\">\n\t\t\t\t\t\t<div class=\"elementor-container elementor-column-gap-default\">\n\t\t\t\t\t<div class=\"elementor-column elementor-col-100 elementor-top-column elementor-element elementor-element-619b916\" data-id=\"619b916\" data-element_type=\"column\" data-e-type=\"column\">\n\t\t\t<div class=\"elementor-widget-wrap elementor-element-populated\">\n\t\t\t\t\t\t<div class=\"elementor-element elementor-element-7304af06 elementor-widget elementor-widget-heading\" data-id=\"7304af06\" data-element_type=\"widget\" data-e-type=\"widget\" data-widget_type=\"heading.default\">\n\t\t\t\t\t<h1 class=\"elementor-heading-title elementor-size-default\">legal notice<\/h1>\t\t\t\t<\/div>\n\t\t\t\t\t<\/div>\n\t\t<\/div>\n\t\t\t\t\t<\/div>\n\t\t<\/section>\n\t\t\t\t<section class=\"elementor-section elementor-top-section elementor-element elementor-element-434382c3 elementor-section-boxed elementor-section-height-default elementor-section-height-default\" data-id=\"434382c3\" data-element_type=\"section\" data-e-type=\"section\" data-settings=\"{&quot;jet_parallax_layout_list&quot;:[{&quot;jet_parallax_layout_image&quot;:{&quot;url&quot;:&quot;&quot;,&quot;id&quot;:&quot;&quot;,&quot;size&quot;:&quot;&quot;},&quot;_id&quot;:&quot;779b5c0&quot;,&quot;jet_parallax_layout_image_tablet&quot;:{&quot;url&quot;:&quot;&quot;,&quot;id&quot;:&quot;&quot;,&quot;size&quot;:&quot;&quot;},&quot;jet_parallax_layout_image_mobile&quot;:{&quot;url&quot;:&quot;&quot;,&quot;id&quot;:&quot;&quot;,&quot;size&quot;:&quot;&quot;},&quot;jet_parallax_layout_speed&quot;:{&quot;unit&quot;:&quot;%&quot;,&quot;size&quot;:50,&quot;sizes&quot;:[]},&quot;jet_parallax_layout_type&quot;:&quot;scroll&quot;,&quot;jet_parallax_layout_direction&quot;:&quot;1&quot;,&quot;jet_parallax_layout_fx_direction&quot;:null,&quot;jet_parallax_layout_z_index&quot;:&quot;&quot;,&quot;jet_parallax_layout_bg_x&quot;:50,&quot;jet_parallax_layout_bg_x_tablet&quot;:&quot;&quot;,&quot;jet_parallax_layout_bg_x_mobile&quot;:&quot;&quot;,&quot;jet_parallax_layout_bg_y&quot;:50,&quot;jet_parallax_layout_bg_y_tablet&quot;:&quot;&quot;,&quot;jet_parallax_layout_bg_y_mobile&quot;:&quot;&quot;,&quot;jet_parallax_layout_bg_size&quot;:&quot;auto&quot;,&quot;jet_parallax_layout_bg_size_tablet&quot;:&quot;&quot;,&quot;jet_parallax_layout_bg_size_mobile&quot;:&quot;&quot;,&quot;jet_parallax_layout_animation_prop&quot;:&quot;transform&quot;,&quot;jet_parallax_layout_on&quot;:[&quot;desktop&quot;,&quot;tablet&quot;]}]}\">\n\t\t\t\t\t\t<div class=\"elementor-container elementor-column-gap-default\">\n\t\t\t\t\t<div class=\"elementor-column elementor-col-100 elementor-top-column elementor-element elementor-element-77a37ec7\" data-id=\"77a37ec7\" data-element_type=\"column\" data-e-type=\"column\">\n\t\t\t<div class=\"elementor-widget-wrap elementor-element-populated\">\n\t\t\t\t\t\t<div class=\"elementor-element elementor-element-8b5d1d6 elementor-widget elementor-widget-heading\" data-id=\"8b5d1d6\" data-element_type=\"widget\" data-e-type=\"widget\" data-widget_type=\"heading.default\">\n\t\t\t\t\t<h1 class=\"elementor-heading-title elementor-size-default\">Tiszai- kormor\u00e1n kft.<\/h1>\t\t\t\t<\/div>\n\t\t\t\t<div class=\"elementor-element elementor-element-529a3ea1 elementor-widget elementor-widget-text-editor\" data-id=\"529a3ea1\" data-element_type=\"widget\" data-e-type=\"widget\" data-widget_type=\"text-editor.default\">\n\t\t\t\t\t\t\t\t\t<p>Telephone: (59) 350-350<br \/>E-mail: info@kormorankikoto.hu<br \/>5358 Tiszaf\u00fcred, Morotva \u00fat 3.<br \/>Tax number: 10837434-2-16<br \/>Company registration number: 16-09-022640<\/p>\n<p>The website is operated by Tiszai-Kormor\u00e1n Kft.<br \/>The design and development was done by kriet.hu.<\/p>\n<p>Location of service provider: zerotimeservices.hu<br \/>E-mail address of the supplier: info@zts.hu<\/p>\n\t\t\t\t\t\t\t\t<\/div>\n\t\t\t\t\t<\/div>\n\t\t<\/div>\n\t\t\t\t\t<\/div>\n\t\t<\/section>\n\t\t\t\t<\/div>\n\t\t","protected":false},"excerpt":{"rendered":"<p>legal notice Tiszai- kormor\u00e1n kft. Telephone: (59) 350-350E-mail: info@kormorankikoto.hu5358 Tiszaf\u00fcred, Morotva \u00fat 3.Tax number: 10837434-2-16Company registration number: 16-09-022640 The website is operated by Tiszai-Kormor\u00e1n Kft.The design and development was done by kriet.hu. Location of service provider: zerotimeservices.huE-mail address of the supplier: info@zts.hu<\/p>\n","protected":false},"author":1,"featured_media":0,"parent":0,"menu_order":0,"comment_status":"closed","ping_status":"closed","template":"full-width.php","meta":{"_acf_changed":false,"inline_featured_image":false,"footnotes":""},"class_list":["post-2600","page","type-page","status-publish","hentry"],"acf":[],"yoast_head":"<!-- This site is optimized with the Yoast SEO plugin v26.9 - https:\/\/yoast.com\/product\/yoast-seo-wordpress\/ -->\n<title>Legal notice - Kormor\u00e1n Kik\u00f6t\u0151<\/title>\n<meta name=\"robots\" content=\"index, follow, max-snippet:-1, max-image-preview:large, max-video-preview:-1\" \/>\n<link rel=\"canonical\" href=\"https:\/\/kormorankikoto.hu\/impresszum\/\" \/>\n<meta property=\"og:locale\" content=\"en_US\" \/>\n<meta property=\"og:type\" content=\"article\" \/>\n<meta property=\"og:title\" content=\"Legal notice - Kormor\u00e1n Kik\u00f6t\u0151\" \/>\n<meta property=\"og:description\" content=\"legal notice Tiszai- kormor\u00e1n kft. Telephone: (59) 350-350E-mail: info@kormorankikoto.hu5358 Tiszaf\u00fcred, Morotva \u00fat 3.Tax number: 10837434-2-16Company registration number: 16-09-022640 The website is operated by Tiszai-Kormor\u00e1n Kft.The design and development was done by kriet.hu. Location of service provider: zerotimeservices.huE-mail address of the supplier: info@zts.hu\" \/>\n<meta property=\"og:url\" content=\"https:\/\/kormorankikoto.hu\/impresszum\/\" \/>\n<meta property=\"og:site_name\" content=\"Kormor\u00e1n Kik\u00f6t\u0151\" \/>\n<meta property=\"article:publisher\" content=\"https:\/\/www.facebook.com\/kormorankikoto\/\" \/>\n<meta property=\"article:modified_time\" content=\"2025-04-13T13:41:56+00:00\" \/>\n<meta name=\"twitter:card\" content=\"summary_large_image\" \/>\n<script type=\"application\/ld+json\" class=\"yoast-schema-graph\">{\"@context\":\"https:\/\/schema.org\",\"@graph\":[{\"@type\":\"WebPage\",\"@id\":\"https:\/\/kormorankikoto.hu\/impresszum\/\",\"url\":\"https:\/\/kormorankikoto.hu\/impresszum\/\",\"name\":\"Legal notice - Kormor\u00e1n Kik\u00f6t\u0151\",\"isPartOf\":{\"@id\":\"https:\/\/kormorankikoto.hu\/#website\"},\"datePublished\":\"2022-01-25T21:54:14+00:00\",\"dateModified\":\"2025-04-13T13:41:56+00:00\",\"breadcrumb\":{\"@id\":\"https:\/\/kormorankikoto.hu\/impresszum\/#breadcrumb\"},\"inLanguage\":\"en-US\",\"potentialAction\":[{\"@type\":\"ReadAction\",\"target\":[\"https:\/\/kormorankikoto.hu\/impresszum\/\"]}]},{\"@type\":\"BreadcrumbList\",\"@id\":\"https:\/\/kormorankikoto.hu\/impresszum\/#breadcrumb\",\"itemListElement\":[{\"@type\":\"ListItem\",\"position\":1,\"name\":\"Kezd\u0151lap\",\"item\":\"https:\/\/kormorankikoto.hu\/\"},{\"@type\":\"ListItem\",\"position\":2,\"name\":\"Legal notice\"}]},{\"@type\":\"WebSite\",\"@id\":\"https:\/\/kormorankikoto.hu\/#website\",\"url\":\"https:\/\/kormorankikoto.hu\/\",\"name\":\"Kormor\u00e1n Kik\u00f6t\u0151\",\"description\":\"Sz\u00e1ll\u00e1s \u00e9s kik\u00f6t\u0151i szolg\u00e1ltat\u00e1sok a Tisza-tavon\",\"publisher\":{\"@id\":\"https:\/\/kormorankikoto.hu\/#organization\"},\"potentialAction\":[{\"@type\":\"SearchAction\",\"target\":{\"@type\":\"EntryPoint\",\"urlTemplate\":\"https:\/\/kormorankikoto.hu\/?s={search_term_string}\"},\"query-input\":{\"@type\":\"PropertyValueSpecification\",\"valueRequired\":true,\"valueName\":\"search_term_string\"}}],\"inLanguage\":\"en-US\"},{\"@type\":\"Organization\",\"@id\":\"https:\/\/kormorankikoto.hu\/#organization\",\"name\":\"Kormor\u00e1n Kik\u00f6t\u0151\",\"url\":\"https:\/\/kormorankikoto.hu\/\",\"logo\":{\"@type\":\"ImageObject\",\"inLanguage\":\"en-US\",\"@id\":\"https:\/\/kormorankikoto.hu\/#\/schema\/logo\/image\/\",\"url\":\"https:\/\/kormorankikoto.hu\/wp-content\/uploads\/2019\/07\/kormoran_logo_colored.png\",\"contentUrl\":\"https:\/\/kormorankikoto.hu\/wp-content\/uploads\/2019\/07\/kormoran_logo_colored.png\",\"width\":1400,\"height\":450,\"caption\":\"Kormor\u00e1n Kik\u00f6t\u0151\"},\"image\":{\"@id\":\"https:\/\/kormorankikoto.hu\/#\/schema\/logo\/image\/\"},\"sameAs\":[\"https:\/\/www.facebook.com\/kormorankikoto\/\",\"https:\/\/www.instagram.com\/kormorankikoto\/\"]}]}<\/script>\n<!-- \/ Yoast SEO plugin. -->","yoast_head_json":{"title":"Legal notice - Kormor\u00e1n Kik\u00f6t\u0151","robots":{"index":"index","follow":"follow","max-snippet":"max-snippet:-1","max-image-preview":"max-image-preview:large","max-video-preview":"max-video-preview:-1"},"canonical":"https:\/\/kormorankikoto.hu\/impresszum\/","og_locale":"en_US","og_type":"article","og_title":"Legal notice - Kormor\u00e1n Kik\u00f6t\u0151","og_description":"legal notice Tiszai- kormor\u00e1n kft. Telephone: (59) 350-350E-mail: info@kormorankikoto.hu5358 Tiszaf\u00fcred, Morotva \u00fat 3.Tax number: 10837434-2-16Company registration number: 16-09-022640 The website is operated by Tiszai-Kormor\u00e1n Kft.The design and development was done by kriet.hu. Location of service provider: zerotimeservices.huE-mail address of the supplier: info@zts.hu","og_url":"https:\/\/kormorankikoto.hu\/impresszum\/","og_site_name":"Kormor\u00e1n Kik\u00f6t\u0151","article_publisher":"https:\/\/www.facebook.com\/kormorankikoto\/","article_modified_time":"2025-04-13T13:41:56+00:00","twitter_card":"summary_large_image","schema":{"@context":"https:\/\/schema.org","@graph":[{"@type":"WebPage","@id":"https:\/\/kormorankikoto.hu\/impresszum\/","url":"https:\/\/kormorankikoto.hu\/impresszum\/","name":"Legal notice - Kormor\u00e1n Kik\u00f6t\u0151","isPartOf":{"@id":"https:\/\/kormorankikoto.hu\/#website"},"datePublished":"2022-01-25T21:54:14+00:00","dateModified":"2025-04-13T13:41:56+00:00","breadcrumb":{"@id":"https:\/\/kormorankikoto.hu\/impresszum\/#breadcrumb"},"inLanguage":"en-US","potentialAction":[{"@type":"ReadAction","target":["https:\/\/kormorankikoto.hu\/impresszum\/"]}]},{"@type":"BreadcrumbList","@id":"https:\/\/kormorankikoto.hu\/impresszum\/#breadcrumb","itemListElement":[{"@type":"ListItem","position":1,"name":"Kezd\u0151lap","item":"https:\/\/kormorankikoto.hu\/"},{"@type":"ListItem","position":2,"name":"Legal notice"}]},{"@type":"WebSite","@id":"https:\/\/kormorankikoto.hu\/#website","url":"https:\/\/kormorankikoto.hu\/","name":"Kormor\u00e1n Kik\u00f6t\u0151","description":"Sz\u00e1ll\u00e1s \u00e9s kik\u00f6t\u0151i szolg\u00e1ltat\u00e1sok a Tisza-tavon","publisher":{"@id":"https:\/\/kormorankikoto.hu\/#organization"},"potentialAction":[{"@type":"SearchAction","target":{"@type":"EntryPoint","urlTemplate":"https:\/\/kormorankikoto.hu\/?s={search_term_string}"},"query-input":{"@type":"PropertyValueSpecification","valueRequired":true,"valueName":"search_term_string"}}],"inLanguage":"en-US"},{"@type":"Organization","@id":"https:\/\/kormorankikoto.hu\/#organization","name":"Kormor\u00e1n Kik\u00f6t\u0151","url":"https:\/\/kormorankikoto.hu\/","logo":{"@type":"ImageObject","inLanguage":"en-US","@id":"https:\/\/kormorankikoto.hu\/#\/schema\/logo\/image\/","url":"https:\/\/kormorankikoto.hu\/wp-content\/uploads\/2019\/07\/kormoran_logo_colored.png","contentUrl":"https:\/\/kormorankikoto.hu\/wp-content\/uploads\/2019\/07\/kormoran_logo_colored.png","width":1400,"height":450,"caption":"Kormor\u00e1n Kik\u00f6t\u0151"},"image":{"@id":"https:\/\/kormorankikoto.hu\/#\/schema\/logo\/image\/"},"sameAs":["https:\/\/www.facebook.com\/kormorankikoto\/","https:\/\/www.instagram.com\/kormorankikoto\/"]}]}},"_links":{"self":[{"href":"https:\/\/kormorankikoto.hu\/en\/wp-json\/wp\/v2\/pages\/2600","targetHints":{"allow":["GET"]}}],"collection":[{"href":"https:\/\/kormorankikoto.hu\/en\/wp-json\/wp\/v2\/pages"}],"about":[{"href":"https:\/\/kormorankikoto.hu\/en\/wp-json\/wp\/v2\/types\/page"}],"author":[{"embeddable":true,"href":"https:\/\/kormorankikoto.hu\/en\/wp-json\/wp\/v2\/users\/1"}],"replies":[{"embeddable":true,"href":"https:\/\/kormorankikoto.hu\/en\/wp-json\/wp\/v2\/comments?post=2600"}],"version-history":[{"count":2,"href":"https:\/\/kormorankikoto.hu\/en\/wp-json\/wp\/v2\/pages\/2600\/revisions"}],"predecessor-version":[{"id":5714,"href":"https:\/\/kormorankikoto.hu\/en\/wp-json\/wp\/v2\/pages\/2600\/revisions\/5714"}],"wp:attachment":[{"href":"https:\/\/kormorankikoto.hu\/en\/wp-json\/wp\/v2\/media?parent=2600"}],"curies":[{"name":"wp","href":"https:\/\/api.w.org\/{rel}","templated":true}]}}